{"id":749,"date":"2010-10-13T20:59:06","date_gmt":"2010-10-13T20:59:06","guid":{"rendered":"http:\/\/www.tartufiarezzo.it\/"},"modified":"2026-05-11T19:01:48","modified_gmt":"2026-05-11T19:01:48","slug":"quando-puoi-definirti-un-tartufaio","status":"publish","type":"page","link":"https:\/\/www.tartufiarezzo.it\/?page_id=749","title":{"rendered":"quando puoi definirti un tartufaio!!!!"},"content":{"rendered":"<p>Andare a tartufi \u00e8 una passione, un grande amore che scocca in svariati modi ,se non proprio da piccoli ,ma in generale per l&#8217;amore dei cani e della natura.<\/p>\n<p>ci sono persone che &nbsp;Sono ormai 40 anni o piu che&nbsp; vanno&nbsp; a tartufi quasi tutti i giorni ,se sono pensionati ,oppure compatibilmente con gli impegni di lavoro .<\/p>\n<p>Perch\u00e9 il tartufaio ama profondamente il rito della ricerca del tartufo, ama levarsi nel cuore della notte,<\/p>\n<p>camminare per ore nelle zone pi\u00f9 impervie, dove solo pochi avventurosi hanno il coraggio di salire,<\/p>\n<p>respirare l\u2019aria umida del primo mattino, e soprattutto seguire i suoi&nbsp; cani, festosi e attenti, felici di aiutarlo.<\/p>\n<p>Fra le sue mani sono passate ormai decine di cani, meticci e di razza&nbsp; li ha addestrati tutti, con tanta pazienza e amore, e da tutti ha tirato fuori&nbsp; quella voglia irrefrenabile di compiacere il padrone,<\/p>\n<p>trovando per lui sempre qualcosa di prezioso: il tartufo.<\/p>\n<p>Il segreto di un buon addestratore?<\/p>\n<p>Capire il carattere del cane, che \u00e8 diverso da un animale all\u2019altro, poi addestrarlo con tantissima pazienza, rispettando i suoi tempi; infine premiarlo nel migliore dei modi, con un bocconcino prelibato, una carezza o un piccolo gioco.<\/p>\n<p>Emozionarsi nella ricerca del tartufo \u00e8 importantissimo, significa che il tartufaio non cerca solo per il ritorno economico che ne avr\u00e0 ,ma soprattutto per assaporare il fascino del bosco: per questo rispetta ogni foglia, ogni ramo, ogni pianta.<\/p>\n<p>Perch\u00e9 sa che solo rispettando il bosco e l\u2019ambiente in generale, la Natura sar\u00e0 ancora generosa con i cercatori di tartufi.<\/p>\n<p>Guai, per esempio, a tagliare le radici dell\u2019albero con cui, talvolta, il tartufo \u00e8 compenetrato, il tartufaio lo lascia nella terra, cos\u00ec quel tartufo malformato potr\u00e0 contribuire alla riproduzione della specie.<\/p>\n<p>Ma non tutti i nuovi tartufai, purtroppo, sono cos\u00ec rispettosi\u2026di tutto ci\u00f2.<\/p>\n<p>se vuoi leggi &#8220;la favola di un tartufaio&#8221; a me \u00e8 piaciuta tantissimo ,<\/p>\n<p>tra le righe si capisce cosa prova una persona quando \u00e8 rapito da questo<\/p>\n<p>mondo profumato fatto di cani e natura e veri tartufai.<\/p>\n<p>lauro..<\/p>\n<p>&nbsp;<br \/>\n<!-- Inizio Codice ShinyStat --><br \/>\n<script type=\"text\/javascript\" src=\"\/\/codice.shinystat.com\/cgi-bin\/getcod.cgi?USER=lauro23\"><\/script><br \/>\n<noscript><br \/>\n<a href=\"\/\/www.shinystat.com\/it\/\" target=\"_top\" rel=\"noopener\"><br \/>\n<img decoding=\"async\" src=\"\/\/www.shinystat.com\/cgi-bin\/shinystat.cgi?USER=lauro23\" alt=\"Statistiche\" style=\"border:0px\"\/><\/a><br \/>\n<\/noscript><br \/>\n<!-- Fine Codice ShinyStat --><\/p>\n\n\n<p>&lt;!&#8211; Inizio Codice ShinyStat &#8211;&gt;<\/p>\n\n\n\n<p>&lt;script src=&#8221;\/\/codice.shinystat.com\/cgi-bin\/getcod.cgi?USER=SS-52214027-cd03b&#8221;&gt;&lt;\/script&gt;<\/p>\n\n\n\n<p>&lt;noscript&gt;<\/p>\n\n\n\n<p>&lt;a href=&#8221;https:\/\/www.shinystat.com\/it\/&#8221; target=&#8221;_top&#8221;&gt;<\/p>\n\n\n\n<p>&lt;img src=&#8221;\/\/www.shinystat.com\/cgi-bin\/shinystat.cgi?USER=SS-52214027-cd03b&#8221; alt=&#8221;Statistiche web&#8221; style=&#8221;border:0px&#8221; \/&gt;&lt;\/a&gt;<\/p>\n\n\n\n<p>&lt;\/noscript&gt;<\/p>\n\n\n\n<p>&lt;!&#8211; Fine Codice ShinyStat &#8211;&gt;<\/p>\n","protected":false},"excerpt":{"rendered":"<p>Andare a tartufi \u00e8 una passione, un grande amore che scocca in svariati modi ,se non proprio da piccoli ,ma in generale per l&#8217;amore dei cani e della natura. ci sono persone che &nbsp;Sono ormai 40 anni o piu che&nbsp; &hellip; <a href=\"https:\/\/www.tartufiarezzo.it\/?page_id=749\">Continua a leggere<span class=\"meta-nav\">&rarr;<\/span><\/a><\/p>\n","protected":false},"author":1,"featured_media":0,"parent":0,"menu_order":0,"comment_status":"open","ping_status":"closed","template":"","meta":{"footnotes":""},"class_list":["post-749","page","type-page","status-publish","hentry"],"_links":{"self":[{"href":"https:\/\/www.tartufiarezzo.it\/index.php?rest_route=\/wp\/v2\/pages\/749","targetHints":{"allow":["GET"]}}],"collection":[{"href":"https:\/\/www.tartufiarezzo.it\/index.php?rest_route=\/wp\/v2\/pages"}],"about":[{"href":"https:\/\/www.tartufiarezzo.it\/index.php?rest_route=\/wp\/v2\/types\/page"}],"author":[{"embeddable":true,"href":"https:\/\/www.tartufiarezzo.it\/index.php?rest_route=\/wp\/v2\/users\/1"}],"replies":[{"embeddable":true,"href":"https:\/\/www.tartufiarezzo.it\/index.php?rest_route=%2Fwp%2Fv2%2Fcomments&post=749"}],"version-history":[{"count":38,"href":"https:\/\/www.tartufiarezzo.it\/index.php?rest_route=\/wp\/v2\/pages\/749\/revisions"}],"predecessor-version":[{"id":4915,"href":"https:\/\/www.tartufiarezzo.it\/index.php?rest_route=\/wp\/v2\/pages\/749\/revisions\/4915"}],"wp:attachment":[{"href":"https:\/\/www.tartufiarezzo.it\/index.php?rest_route=%2Fwp%2Fv2%2Fmedia&parent=749"}],"curies":[{"name":"wp","href":"https:\/\/api.w.org\/{rel}","templated":true}]}}