{"id":4200,"date":"2019-09-23T11:59:23","date_gmt":"2019-09-23T11:59:23","guid":{"rendered":"http:\/\/www.tartufiarezzo.it\/?page_id=4200"},"modified":"2026-05-11T18:47:11","modified_gmt":"2026-05-11T18:47:11","slug":"alla-canna-olfattiva-del-cane","status":"publish","type":"page","link":"https:\/\/www.tartufiarezzo.it\/?page_id=4200","title":{"rendered":"Alla canna OLFATTIVA del cane"},"content":{"rendered":"<p>Distinzione impiego del senso olfattivo<\/p>\n<p>Cani teleolfatto e cani megaolfatto<\/p>\n<p>Il diverso impiego dell\u2019organo olfattivo, ci permette di fare delle distinzioni:<\/p>\n<p>Cani a teleolfatto (esploratore) la pi\u00f9 tipica espressione \u00e8 il Pointer. Essi hanno un modo di porgere il naso al vento ricercando delle emanazioni odorose, Le loro inspirazioni sono profonde per meglio selezionare grandi quantit\u00e0 d\u2019aria nelle quali intercettano le particelle olfattive e trovano traccia di effluvio o emanazione di odore. Ricercano in modo dinamico e compiono frequenti variazioni di direzione.<\/p>\n<p>Cani a megaolfatto (battitore) la pi\u00f9 tipica espressione \u00e8 il segugio e i cani da pista. Essi hanno un modo di porgere il naso a terra alla ricerca delle emanazioni odorose, Le loro inspirazioni sono brevi ed affrettate, non avendo bisogno di grandi quantit\u00e0 d\u2019aria per selezionare le particelle odorose emanate dal terreno. Ricercano in maniera pi\u00f9 lenta e continua, seguendo la fonte dell\u2019emanazione.<\/p>\n<p>Per questi motivi i cani a teleolfatto hanno seni frontali molto sviluppati dovendo elaborare grandi masse d\u2019aria, mentre i cani megaolfatto hanno seni frontali meno sviluppati dovendo fare solo brevi ed affrettate inspirazioni.<\/p>\n<p>Molti spesso mi chiedono come sar\u00e0 la stagione di raccolta, altri asseriscono che \u00e8 in ritardo in base ai loro ritrovamenti ed esperienze, confrontando spesso le raccolte da loro effettuate nello stesso periodo della scorsa stagione. Quello che il mio pensiero \u00e8 il concetto che oltre alla produttivit\u00e0 di una determinata zona e\/o relativamente al fatto se in questa i tartufi sono pi\u00f9 o meno maturi, la differenza la pu\u00f2 fare il cane da tartufo e logicamente anche il tartufaio\/addestratore.<\/p>\n<p>Tralascio momentaneamente le figure del tartufaio e dell&#8217;addestratore ma non quello del cane da tartufo. Questo per ribadire il concetto che nella medesima zona tartufigena e nella stessa tartufaia un cane pu\u00f2 non trovare nulla, un altro qualcosa, un&#8217;altro ancora pi\u00f9 tartufi.<\/p>\n<p>Quindi la scelta su quali cani portare ricade sui ruoli che assegniamo loro in base alle loro caratteristiche, il tutto in base al luogo da battere, dalla presenza di concorrenza ecc. ecc. Come gi\u00e0 detto, direi a molti che le loro ipotesi sulla produttivit\u00e0 di una determinata zona, assente, tardiva o meno, \u00e8 da considerarsi esclusivamente in base alla esperienza del loro cane, dal suo modo di cerca, nonch\u00e9 quella del tartufaio addestratore. Generalizzare sulla produttivit\u00e0 o tardivit\u00e0 di un areale \u00e8 quindi fuori luogo per un tartufaio di un certo livello, perche ci\u00f2 \u00e8 riferito alle caratteristiche del branco, il proprio! Nel medesimo luogo un altro branco potrebbe non trovare nulla o fare incetta di tartufi! Questo appena scritto \u00e8 il concetto che secondo me molti dovrebbero apprendere!<\/p>\n<p>Apprendere&#8230;&#8230;.. per migliorarsi!<\/p>\n<p>Questo \u00e8 un dato di fatto, la sensibilit\u00e0 olfattiva di un cane pu\u00f2 fare la differenza, come tra l&#8217;altro la sua concentrazione e cerca minuziosa sulla cava. Capire i ruoli di un cane \u00e8 importante, come \u00e8 importante comportarsi adeguatamente nelle fasi di cerca con ognuno di questi. Vedrete che se stiamo fermi sulla pastura, a volte anche in ginocchio o seduti, il battitore perlustra centimetro dopo centimetro la tartufaia, concentrandosi e facendo molti controlli nel tentativo di stanare il tartufo.<\/p>\n<p>Qualora verrebbe meno la nostra staticit\u00e0 il cane ci seguirebbe e i tartufi difficili, per mancata concentrazione olfattiva e di cerca, non verrebbero stanati&#8230;lasciandoli al cane pi\u00f9 bravo di qualche collega che magari segue le nostre orme. Di solito si vogliono vedere ritrovamenti veloci e bottini cospicui, ma come gi\u00e0 detto, quando i tartufi sono maturi e super profumati tutti i cani sono facilitati e tutti possono vivere certi momenti e riprenderli, mettendoli anche in mostra. Quanto sopra vale anche per il bianco e le altre specie di tartufi, pensiamo al fatto che ogni cane pu\u00f2 essere educato per svolgere un ruolo per soddisfare le nostre esigenze di cerca, di concorrenza, ecc. ecc.<\/p>\n<p>In sostanza potremmo scegliere un dominante, maschio o femmina, brillante che faccia da esploratore avendo sicuramente una cerca ampia utilissima per certi tipi di habitat e tartufi. Diversamente per cerche meticolose in spazi ristretti molto battuti da altri tartufai, sar\u00e0 pi\u00f9 utile un battitore femmina o maschio tendenzialmente<br \/>\ndominante-sottomesso.<br \/>\n<!-- Inizio Codice ShinyStat --><br \/>\n<script type=\"text\/javascript\" src=\"\/\/codice.shinystat.com\/cgi-bin\/getcod.cgi?USER=lauro23\"><\/script><br \/>\n<noscript><br \/>\n<a href=\"\/\/www.shinystat.com\/it\/\" target=\"_top\" rel=\"noopener\"><br \/>\n<img decoding=\"async\" src=\"\/\/www.shinystat.com\/cgi-bin\/shinystat.cgi?USER=lauro23\" alt=\"Statistiche\" style=\"border:0px\"\/><\/a><br \/>\n<\/noscript><br \/>\n<!-- Fine Codice ShinyStat --><\/p>\n\n\n<p>&lt;!&#8211; Inizio Codice ShinyStat &#8211;&gt;<\/p>\n\n\n\n<p>&lt;script src=&#8221;\/\/codice.shinystat.com\/cgi-bin\/getcod.cgi?USER=SS-52214027-cd03b&#8221;&gt;&lt;\/script&gt;<\/p>\n\n\n\n<p>&lt;noscript&gt;<\/p>\n\n\n\n<p>&lt;a href=&#8221;https:\/\/www.shinystat.com\/it\/&#8221; target=&#8221;_top&#8221;&gt;<\/p>\n\n\n\n<p>&lt;img src=&#8221;\/\/www.shinystat.com\/cgi-bin\/shinystat.cgi?USER=SS-52214027-cd03b&#8221; alt=&#8221;Statistiche web&#8221; style=&#8221;border:0px&#8221; \/&gt;&lt;\/a&gt;<\/p>\n\n\n\n<p>&lt;\/noscript&gt;<\/p>\n\n\n\n<p>&lt;!&#8211; Fine Codice ShinyStat &#8211;&gt;<\/p>\n","protected":false},"excerpt":{"rendered":"<p>Distinzione impiego del senso olfattivo Cani teleolfatto e cani megaolfatto Il diverso impiego dell\u2019organo olfattivo, ci permette di fare delle distinzioni: Cani a teleolfatto (esploratore) la pi\u00f9 tipica espressione \u00e8 il Pointer. Essi hanno un modo di porgere il naso &hellip; <a href=\"https:\/\/www.tartufiarezzo.it\/?page_id=4200\">Continua a leggere<span class=\"meta-nav\">&rarr;<\/span><\/a><\/p>\n","protected":false},"author":1,"featured_media":0,"parent":0,"menu_order":0,"comment_status":"open","ping_status":"closed","template":"","meta":{"footnotes":""},"class_list":["post-4200","page","type-page","status-publish","hentry"],"_links":{"self":[{"href":"https:\/\/www.tartufiarezzo.it\/index.php?rest_route=\/wp\/v2\/pages\/4200","targetHints":{"allow":["GET"]}}],"collection":[{"href":"https:\/\/www.tartufiarezzo.it\/index.php?rest_route=\/wp\/v2\/pages"}],"about":[{"href":"https:\/\/www.tartufiarezzo.it\/index.php?rest_route=\/wp\/v2\/types\/page"}],"author":[{"embeddable":true,"href":"https:\/\/www.tartufiarezzo.it\/index.php?rest_route=\/wp\/v2\/users\/1"}],"replies":[{"embeddable":true,"href":"https:\/\/www.tartufiarezzo.it\/index.php?rest_route=%2Fwp%2Fv2%2Fcomments&post=4200"}],"version-history":[{"count":7,"href":"https:\/\/www.tartufiarezzo.it\/index.php?rest_route=\/wp\/v2\/pages\/4200\/revisions"}],"predecessor-version":[{"id":4899,"href":"https:\/\/www.tartufiarezzo.it\/index.php?rest_route=\/wp\/v2\/pages\/4200\/revisions\/4899"}],"wp:attachment":[{"href":"https:\/\/www.tartufiarezzo.it\/index.php?rest_route=%2Fwp%2Fv2%2Fmedia&parent=4200"}],"curies":[{"name":"wp","href":"https:\/\/api.w.org\/{rel}","templated":true}]}}