{"id":4192,"date":"2019-09-23T11:48:30","date_gmt":"2019-09-23T11:48:30","guid":{"rendered":"http:\/\/www.tartufiarezzo.it\/?page_id=4192"},"modified":"2026-05-11T19:03:26","modified_gmt":"2026-05-11T19:03:26","slug":"temi-da-scuola-su-cane-e-tartufi","status":"publish","type":"page","link":"https:\/\/www.tartufiarezzo.it\/?page_id=4192","title":{"rendered":"Temi da scuola su cane e tartufi"},"content":{"rendered":"\n<h2 class=\"wp-block-heading\">&#8216;apparato\n olfattivo del cane (conoscerlo in maniera approfondita per poter \nsfruttare al meglio le sue capacit\u00e0 nella cerca dei tartufi)<\/h2>\n\n\n\n<h2 class=\"wp-block-heading\">L&#8217;importanza dell&#8217;imprinting sull&#8217;ordine del tartufo (come \u00e8 cosa fare in base all&#8217;et\u00e0 del cucciolo e cosa \u00e8 meglio da evitare)<\/h2>\n\n\n\n<h2 class=\"wp-block-heading\">La socializzazione per avere un cane dal carattere equilibrato e per scongiurare problemi comportmentali<\/h2>\n\n\n\n<h2 class=\"wp-block-heading\">L&#8217;educazione per poterlo gestire al meglio ed evitargli situazioni di pericolo<\/h2>\n\n\n\n<h2 class=\"wp-block-heading\">Le doti naturali del cane (per scegliere con criterio la razza e\/o il soggetto)<\/h2>\n\n\n\n<h2 class=\"wp-block-heading\">Razze a confronto, i meticci<\/h2>\n\n\n\n<h2 class=\"wp-block-heading\">L&#8217;addestramento in simulato (come farlo in maniera rispettosa per il cane e cosa comporta sull&#8217;apprendimento)<\/h2>\n\n\n\n<h2 class=\"wp-block-heading\">L&#8217;addestramento fatto direttamente in pastura (vantaggi rispetto al simulato e limiti di praticabilit\u00e0)<\/h2>\n\n\n\n<h2 class=\"wp-block-heading\">Il tartufo (cos&#8217;\u00e8, come preservarlo e come contribuire alla sua diffusione)<\/h2>\n\n\n\n<h2 class=\"wp-block-heading\">Come individuare facilmente gli habitat dove portare il cane per la cerca<\/h2>\n\n\n\n<h2 class=\"wp-block-heading\">Il lato oscuro della luna (studiare le varie fasi lunari per comprenderne gli effetti sul ciclo biologico del tartufo)<\/h2>\n\n\n\n<h2 class=\"wp-block-heading\">Pericoli (avvelenamenti, vipere, insetti&#8230;)<\/h2>\n\n\n\n<h2 class=\"wp-block-heading\">Strumenti indispensabili per la cerca<\/h2>\n\n\n\n<h2 class=\"wp-block-heading\">Leggi e sanzioni<\/h2>\n\n\n\n<figure class=\"wp-block-image\"><img decoding=\"async\" src=\"http:\/\/sstatic1.histats.com\/0.gif?4163438&amp;101\" alt=\"statistiche web\"\/><\/figure>\n\n\n<p><!-- Inizio Codice ShinyStat --><br \/>\n<script type=\"text\/javascript\" src=\"\/\/codice.shinystat.com\/cgi-bin\/getcod.cgi?USER=lauro23\"><\/script><br \/>\n<noscript><br \/>\n<a href=\"\/\/www.shinystat.com\/it\/\" target=\"_top\" rel=\"noopener\"><br \/>\n<img decoding=\"async\" src=\"\/\/www.shinystat.com\/cgi-bin\/shinystat.cgi?USER=lauro23\" alt=\"Statistiche\" style=\"border:0px\"\/><\/a><br \/>\n<\/noscript><br \/>\n<!-- Fine Codice ShinyStat --><\/p>\n\n\n<p>&lt;!&#8211; Inizio Codice ShinyStat &#8211;&gt;<\/p>\n\n\n\n<p>&lt;script src=&#8221;\/\/codice.shinystat.com\/cgi-bin\/getcod.cgi?USER=SS-52214027-cd03b&#8221;&gt;&lt;\/script&gt;<\/p>\n\n\n\n<p>&lt;noscript&gt;<\/p>\n\n\n\n<p>&lt;a href=&#8221;https:\/\/www.shinystat.com\/it\/&#8221; target=&#8221;_top&#8221;&gt;<\/p>\n\n\n\n<p>&lt;img src=&#8221;\/\/www.shinystat.com\/cgi-bin\/shinystat.cgi?USER=SS-52214027-cd03b&#8221; alt=&#8221;Statistiche web&#8221; style=&#8221;border:0px&#8221; \/&gt;&lt;\/a&gt;<\/p>\n\n\n\n<p>&lt;\/noscript&gt;<\/p>\n\n\n\n<p>&lt;!&#8211; Fine Codice ShinyStat &#8211;&gt;<\/p>\n","protected":false},"excerpt":{"rendered":"<p>&#8216;apparato olfattivo del cane (conoscerlo in maniera approfondita per poter sfruttare al meglio le sue capacit\u00e0 nella cerca dei tartufi) L&#8217;importanza dell&#8217;imprinting sull&#8217;ordine del tartufo (come \u00e8 cosa fare in base all&#8217;et\u00e0 del cucciolo e cosa \u00e8 meglio da evitare) &hellip; <a href=\"https:\/\/www.tartufiarezzo.it\/?page_id=4192\">Continua a leggere<span class=\"meta-nav\">&rarr;<\/span><\/a><\/p>\n","protected":false},"author":1,"featured_media":0,"parent":0,"menu_order":0,"comment_status":"open","ping_status":"closed","template":"","meta":{"footnotes":""},"class_list":["post-4192","page","type-page","status-publish","hentry"],"_links":{"self":[{"href":"https:\/\/www.tartufiarezzo.it\/index.php?rest_route=\/wp\/v2\/pages\/4192","targetHints":{"allow":["GET"]}}],"collection":[{"href":"https:\/\/www.tartufiarezzo.it\/index.php?rest_route=\/wp\/v2\/pages"}],"about":[{"href":"https:\/\/www.tartufiarezzo.it\/index.php?rest_route=\/wp\/v2\/types\/page"}],"author":[{"embeddable":true,"href":"https:\/\/www.tartufiarezzo.it\/index.php?rest_route=\/wp\/v2\/users\/1"}],"replies":[{"embeddable":true,"href":"https:\/\/www.tartufiarezzo.it\/index.php?rest_route=%2Fwp%2Fv2%2Fcomments&post=4192"}],"version-history":[{"count":7,"href":"https:\/\/www.tartufiarezzo.it\/index.php?rest_route=\/wp\/v2\/pages\/4192\/revisions"}],"predecessor-version":[{"id":4917,"href":"https:\/\/www.tartufiarezzo.it\/index.php?rest_route=\/wp\/v2\/pages\/4192\/revisions\/4917"}],"wp:attachment":[{"href":"https:\/\/www.tartufiarezzo.it\/index.php?rest_route=%2Fwp%2Fv2%2Fmedia&parent=4192"}],"curies":[{"name":"wp","href":"https:\/\/api.w.org\/{rel}","templated":true}]}}