{"id":3594,"date":"2016-05-09T21:18:05","date_gmt":"2016-05-09T21:18:05","guid":{"rendered":"http:\/\/www.tartufiarezzo.it\/?page_id=3594"},"modified":"2026-05-11T18:55:10","modified_gmt":"2026-05-11T18:55:10","slug":"corso-addestramento-cane-da-tartufo-online","status":"publish","type":"page","link":"https:\/\/www.tartufiarezzo.it\/?page_id=3594","title":{"rendered":"corso addestramento cane da tartufo-online"},"content":{"rendered":"<p><noscript><a href=\"http:\/\/www.histats.com\" target=\"_blank\" rel=\"noopener noreferrer\"><img decoding=\"async\" src=\"http:\/\/sstatic1.histats.com\/0.gif?1226166&amp;101\" alt=\"utenti online\" border=\"0\"\/><\/a><\/noscript><!-- Histats.com END --><br \/>\nquesto corso one line personalizzato \u00e8 pensato per chi\u00a0 ha qualunque problema con il cane oppure\u00a0 \u00e8 all&#8217;inizio vuole addestrarsi il cane cosa che consiglio perche la gratificazione di costruirsi il compagno di avventure \u00e8 grandissima,\u00a0 certo \u00e8 che avendo le linee guida per un addestramento serio fallire del tutto \u00e8 quasi impossibile, prima di decidere di fare questo corso per\u00f2 devi riflettere\u00a0 su questo dato che il mio metodo la mia filosofia \u00e8 addestrare un cane da tartufo per collegamento non su ordini,,<br \/>\ncome dico spesso il metodo lo puoi comprare , la pazienza no , quindi se non hai pazienza il mio corso non lo fare , grazie e vediamo in cosa consiste:<br \/>\nPRIMO: COME AVERE UN BUON COLLEGAMENTO E UBBIDIENZA CON RISPETTO DEL CAPOBRANCO, DA PARTE DEL CANE<br \/>\nSECONDO: ADDESTRAMENTO DEL CANE SULL&#8217;EDUCAZIONE AL TARTUFO CON CERCA INDIPENDENTE.<\/p>\n<h1><span style=\"text-decoration: underline;\">presentazione:<\/span><\/h1>\n<p>ti illustro come funziona : come detto il corso online nonostante le spiegazioni passo , passo\u00a0 , ha bisogno di molta applicazione perche\u00a0 leggere non \u00e8 uguale a vedere come si fa, molto del metodo gentile fa leva sulla psicologia del cane ed essendo ogni cane un cane a se non \u00e8 Semplicissimo\u00a0 attuarlo non vedendo che reazioni\u00a0 ha il cane su certe cose, ecco perche ho bisogno di aggiornamenti e filmati, comunque possiamo farlo in questo modo, mi scrivi i tuoi problemi con il cane (io\u00a0 ti chieder\u00f2 un filmato , che caricando su\u00a0 Youtube potr\u00f2 vedere, in cui filmerai delle cose che io ti chieder\u00f2 , questo per capire io i comportamenti tuoi e del cane solo dopo aver visto ti dir\u00f2\u00a0 come iniziare cio\u00e8 ti chieder\u00f2 filmati mirati e cercher\u00f2 di spiegarti come risolvere, con filmati, mail o telefono , vedremo, praticamente ti\u00a0 d\u00f2 l&#8217;addestramento adatto al tuo cane sia da zero che per risolvere i sui problemi soprattutto con te , attenzione molti dicono &#8220;lo so che dipende da me&#8221; ma non sanno perche dipende da loro ebbene qui capirai perche dipende da noi dal nostro approccio con il cane quindi non \u00e8 detto che potrebbe essere il caso per correggerlo di dover fare fin dall&#8217;inizio . quindi l&#8217;addestramento\u00a0 sono tre fasi , come detto collegamento-obbedienza-educazione al tartufo &#8211; considerando che ogni fase \u00e8 piena di Step \u00e8 indispensabile che il conduttore ,, sia pronto ad avere molta ,molta pazienza perch\u00e8 come dico a molti il metodo te lo vendo ma la pazienza non si compra quindi se uno non \u00e8 pronto a questo,, meglio non iniziare, ogni step lo spiego passo ,passo \u00e8 quasi impossibile sbagliare ma in ogni caso ci devono essere aggiornamenti frequenti e filmati che io chieder\u00f2 in modo che\u00a0 possa riprenderti appena vai fuori strada oppure per passare allo step successivo si perche fino a che non viene fatto bene il primo ad esempio non si passa al secondo, si perche il cane non deve fare le cose a comando ma deve capire di farle come stile di vita ,se ci riesci per\u00f2 avrai un cane sopra la media che oltre a tanti tartufi ti dar\u00e0 quel senso di serenit\u00e0 e tranquillit\u00e0 che ti far\u00e0 godere anche della natura che ti circonda, lauro.<\/p>\n<h2>\u00a0se vuoi ulteriori info:\u00a0\u00a0\u00a0\u00a0 laurotartufi@gmail.com<\/h2>\n\n\n<p>&lt;!&#8211; Inizio Codice ShinyStat &#8211;&gt;<\/p>\n\n\n\n<p>&lt;script src=&#8221;\/\/codice.shinystat.com\/cgi-bin\/getcod.cgi?USER=SS-52214027-cd03b&#8221;&gt;&lt;\/script&gt;<\/p>\n\n\n\n<p>&lt;noscript&gt;<\/p>\n\n\n\n<p>&lt;a href=&#8221;https:\/\/www.shinystat.com\/it\/&#8221; target=&#8221;_top&#8221;&gt;<\/p>\n\n\n\n<p>&lt;img src=&#8221;\/\/www.shinystat.com\/cgi-bin\/shinystat.cgi?USER=SS-52214027-cd03b&#8221; alt=&#8221;Statistiche web&#8221; style=&#8221;border:0px&#8221; \/&gt;&lt;\/a&gt;<\/p>\n\n\n\n<p>&lt;\/noscript&gt;<\/p>\n\n\n\n<p>&lt;!&#8211; Fine Codice ShinyStat &#8211;&gt;<\/p>\n","protected":false},"excerpt":{"rendered":"<p>questo corso one line personalizzato \u00e8 pensato per chi\u00a0 ha qualunque problema con il cane oppure\u00a0 \u00e8 all&#8217;inizio vuole addestrarsi il cane cosa che consiglio perche la gratificazione di costruirsi il compagno di avventure \u00e8 grandissima,\u00a0 certo \u00e8 che avendo &hellip; <a href=\"https:\/\/www.tartufiarezzo.it\/?page_id=3594\">Continua a leggere<span class=\"meta-nav\">&rarr;<\/span><\/a><\/p>\n","protected":false},"author":1,"featured_media":0,"parent":0,"menu_order":0,"comment_status":"open","ping_status":"closed","template":"","meta":{"footnotes":""},"class_list":["post-3594","page","type-page","status-publish","hentry"],"_links":{"self":[{"href":"https:\/\/www.tartufiarezzo.it\/index.php?rest_route=\/wp\/v2\/pages\/3594","targetHints":{"allow":["GET"]}}],"collection":[{"href":"https:\/\/www.tartufiarezzo.it\/index.php?rest_route=\/wp\/v2\/pages"}],"about":[{"href":"https:\/\/www.tartufiarezzo.it\/index.php?rest_route=\/wp\/v2\/types\/page"}],"author":[{"embeddable":true,"href":"https:\/\/www.tartufiarezzo.it\/index.php?rest_route=\/wp\/v2\/users\/1"}],"replies":[{"embeddable":true,"href":"https:\/\/www.tartufiarezzo.it\/index.php?rest_route=%2Fwp%2Fv2%2Fcomments&post=3594"}],"version-history":[{"count":20,"href":"https:\/\/www.tartufiarezzo.it\/index.php?rest_route=\/wp\/v2\/pages\/3594\/revisions"}],"predecessor-version":[{"id":4907,"href":"https:\/\/www.tartufiarezzo.it\/index.php?rest_route=\/wp\/v2\/pages\/3594\/revisions\/4907"}],"wp:attachment":[{"href":"https:\/\/www.tartufiarezzo.it\/index.php?rest_route=%2Fwp%2Fv2%2Fmedia&parent=3594"}],"curies":[{"name":"wp","href":"https:\/\/api.w.org\/{rel}","templated":true}]}}