{"id":3456,"date":"2015-09-20T11:37:22","date_gmt":"2015-09-20T11:37:22","guid":{"rendered":"http:\/\/www.tartufiarezzo.it\/?page_id=3456"},"modified":"2025-06-02T18:40:47","modified_gmt":"2025-06-02T18:40:47","slug":"la-fase-dello-sviluppo-del-cane","status":"publish","type":"page","link":"https:\/\/www.tartufiarezzo.it\/?page_id=3456","title":{"rendered":"La fase dello sviluppo del cane"},"content":{"rendered":"<h1>La fase dello sviluppo del cane<\/h1>\n<p>La fase del neonato. (dalla nascita ai 12 giorni)<br \/>\nNella fase del neonato le necessit\u00e0 del cucciolo sono due: il ricevimento del cibo e del calore.<br \/>\nUn cucciolo appena nato non \u00e8 autonomo fisicamente. Lui necessita di un ambiente abbastanza caldo per mantenere una temperatura adeguata del suo corpo. Lui necessit\u00e0 anche della stimolazione da parte della madre per fare i suoi bisogni. \u00c9 cieco e sordo, il suo olfatto e tatto non sono ancora sviluppati abbastanza. Il cucciolo reagisce al freddo e al caldo, e anche un p\u00f2 al dolore. Lui reagisce bene all&#8217;odore della madre.<br \/>\nIl cucciolo ha il movimento circolare e gira la testa da un lato ad altro cercando la madre. Nello stesso tempo lui pigola stimolando la madre ad annusarlo e con questo dare a lui la possibilit\u00e0 di capire dove lei si trova.<br \/>\nIl cucciolo in questo periodo cresce molto veloce, invece il suo modello di comportamento resta sempre uguale. Elettroencefalogramma che \u00e8 stato eseguito nel corso del periodo neonatale non ha notato nessuna differenza tra impulsi cerebrali di un cucciolo addormentato ed un cucciolo sveglio.<\/p>\n<p>La fase transitoria. (13 &#8211; 20 giorni)<br \/>\nIn questo periodo il cucciolo subisce tanti cambiamenti. Lui schiude gli occhi, e se le sue pupille reagiscono alla luce, la retina ancora non \u00e8 sviluppata completamente, lui non \u00e8 in grado di vedere gli oggetti o un movimento fino al 21 giorni circa.<br \/>\nIl cucciolo comincia muoversi avanti e dietro e tra qualche giorno riesce fare piccoli passi. I primi dentini spuntano verso i 20 giorni e comincia mordere e masticare. In questo periodo il cucciolo inizia anche muovere la coda, ma questo non dipende dalle sue emozioni, perche lui ancora non \u00e8 in grado di analizzare il mondo.<br \/>\nIl cucciolo comincia a sentire i suoni ma ancora non \u00e8 in grado di stabilire punto di fonte di essi.<br \/>\nQuesto \u00e8 un periodo critico &#8211; periodo dei pi\u00f9 veloci cambiamenti fisici del cucciolo. Nel corso di una sola settimana il cucciolo riesce vedere, sentire, mantenere la sua temperatura corporea, camminare e anche mangiare e fare i suoi bisogni quasi da solo!<\/p>\n<p>La fase di intendimento (comprensione). (21 &#8211; 28 giorni)<br \/>\nQuesta \u00e8 la prima settimana durante la quale il cucciolo impara ad usare l\u2019 olfatto e la vista. Perche i cambiamenti nella sua percezione (assimilazione) sensoria si svolgono molto velocemente, nella maggior parte dei cuccioli nel arco di 24 ore, il cucciolo ha bisogno del un ambiente stabile. In questo periodo lui ha altissima necessit\u00e0 di sua madre e del suo ambiente abituale. La divisione dalla madre nel questo periodo o cambiamento della posizione di tutta la cucciolata pu\u00f2 avere reazioni molto negative nel sviluppo psichico dei cuccioli.<br \/>\nIn questo periodo il cucciolo comincia a conoscere il mondo attorno a lui. \u00c8 un periodo in cui il cucciolo inizia a capire &#8220;come deve essere un cane&#8221;.<\/p>\n<p>La fase della socializzazione &#8220;canina&#8221;. (21 &#8211; 49giorni)<br \/>\nIn questo periodo il cucciolo impara il modello di comportamento che fa di lui un cane vero e proprio.<br \/>\nPer arrivare alla sua potenzialit\u00e0 genetica, il cucciolo deve rimanere in questo periodo con la madre e fratelli. In questa fase lui mette in pratica la sua mimica, diversi posizioni del corpo e la vocalizzazione, vedendo il loro effetto sulla madre e fratelli. Lui impara ad abbaiare e a mordere e capire l&#8217;effetto del suo abbaio e del morso.<br \/>\nLui impara i diversi modelli di comportamento, che fanno di lui un cane: giochi di inseguimento e di caccia lo educano alle coordinazioni giuste del corpo, atteggiamento di sottomissione per esempio \u00e8 capace di neutralizzare l&#8217;aggressione dei fratelli.<br \/>\nIn questo periodo il cucciolo riceve una delle pi\u00f9 importanti lezioni della vita &#8211; il significato della disciplina. La prima ad educarlo a questo sar\u00e0 sua madre.<\/p>\n<p>&gt;La fase della socializzazione &#8220;umana&#8221; (7 &#8211; 12 settimane)<br \/>\n\u00c8 il periodo pi\u00f9 adatto per trasferire il cucciolo nella sua nuova casa. E anche un periodo favorevole per far conoscere al cucciolo quelle cose che avranno un posto importante nella sua vita. Per esempio il rumore di un aspirapolvere, il motore dell&#8217;auto e i diversi rumori della citt\u00e0. I bambini, uomini con le barbe, donne con i cappelli a larghe tese, anziani con i bastoni &#8211; tutti queste persone il cucciolo deve conoscere nel questo periodo.<br \/>\nAll&#8217;et\u00e0 di 7 settimane elettroencefalogramma del cucciolo nota che i suoi impulsi cerebrali sono simili ad un cane adulto. Le sue capacit\u00e0 di concentrazione sono ancora basse, ma il cucciolo gi\u00e0 \u00e8 in grado di imparare. In questo periodo il cucciolo impara senza sosta.<\/p>\n<p>La fase dell&#8217;effetto della paura. (8 &#8211; 11 settimane)<br \/>\nIn questo periodo ogni situazione negativa avr\u00e0 per il cucciolo gravi conseguenze. Per esempio la visita dal veterinario in questo periodo fatta in modo errato avr\u00e0 sul cucciolo un effetto negativo per tutta la vita. Portate con voi un giocattolo o un p\u00f2 di cibo preferito per neutralizzare possibili incidenti ad effetto negativo.<\/p>\n<p>La fase della classificazione di superiorit\u00e0. (13 &#8211; 16 settimane)<\/p>\n<p>Questo periodo ha anche il nome &#8220;il periodo di diminuzione&#8221; &#8211; diminuzione della quantit\u00e0 dei denti (il cucciolo cambia i denti da latte), diminuzione della dipendenza dalla madre o altri adulti. In questo periodo il cucciolo cerca di capire la sua posizione nel confronto del leader.<\/p>\n<p>La fase del &#8220;volo&#8221;. (4 &#8211; 8 mesi)<br \/>\nIn questa fase al cucciolo capiteranno situazioni di tutti i generi, specialmente quelle indesiderate. Lui avr\u00e0 la voglia di scappare di casa, non ubbidir\u00e0 pi\u00f9, far\u00e0 finta di non sentire niente di quello che dice il proprietario.<br \/>\nQuesto periodo pu\u00f2 durare da pochi giorni a diverse settimane. E l&#8217;educazione ricevuta precedentemente avr\u00e0 un ruolo importantissimo nella difficolt\u00e0 del proseguimento di questa fase. In seguito molti proprietari dei cani che non sanno niente di questa fase importante dello sviluppo del cucciolo, cominciano a reagire, sbagliando nei confronti del comportamento del cane e con questo \u00e8 impossibile evitare i problemi nel rapporto futuro.<br \/>\nQuesta \u00e8 una fase che ci indica che \u00e8 il momento migliore per cominciare a frequentare un campo d&#8217;addestramento.<br \/>\nEsiste un processo fisiologico che corrisponde alla fase del &#8220;volo&#8221;. Cio\u00e8 cambiamento dei denti da latte ai quelli definitivi. Il periodo finisce circa a 10 mesi d&#8217;et\u00e0 del cucciolo. In questa fase il cucciolo ha necessit\u00e0 fisiologica di rosicchiare e mordere qualcosa.<\/p>\n<p>La seconda fase dell&#8217;effetto della paura. (6 &#8211; 11 mesi)<\/p>\n<p>Questo periodo conosciuto anche come il periodo del timore davanti alle situazioni nuove.<br \/>\nIn questo periodo il cucciolo pu\u00f2 all&#8217;improvviso rifiutare ad avvicinarsi a qualcosa di sconosciuto, pu\u00f2 aver paura di qualcosa di nuovo. Quando il cucciolo non ha la voglia di avvicinarsi a qualcosa non si deve andare in conflitto con lui costringendolo o rinforzando le sue paure accarezzandolo. La costrizione pu\u00f2 ancora di pi\u00f9 impaurire il cucciolo. Invece le carezze di fronte alle sue paure sono la fonte di incoraggiamento verso le stesse.<br \/>\nLe paure di un cane giovane devono essere trattate con pazienza. E il cucciolo che deve decidere se avere il confronto con l&#8217;oggetto delle sue paure o no. Compito del proprietario in questo periodo \u00e8 creare le situazioni dalle quali il cane di sicuro esce come vincitore e per questo incoraggiarlo lodandolo. Cos\u00ec il cucciolo rafforza la sicurezza in se stesso.<br \/>\n<!-- Inizio Codice ShinyStat --><br \/>\n<script type=\"text\/javascript\" src=\"\/\/codice.shinystat.com\/cgi-bin\/getcod.cgi?USER=lauro23\"><\/script>&lt;!&#8211; Inizio Codice ShinyStat &#8211;&gt;<br \/>\n&lt;script src=&#8221;\/\/codice.shinystat.com\/cgi-bin\/getcod.cgi?USER=SS-52214027-cd03b&#8221;&gt;&lt;\/script&gt;<br \/>\n&lt;noscript&gt;<br \/>\n&lt;a href=&#8221;https:\/\/www.shinystat.com\/it\/&#8221; target=&#8221;_top&#8221;&gt;<br \/>\n&lt;img src=&#8221;\/\/www.shinystat.com\/cgi-bin\/shinystat.cgi?USER=SS-52214027-cd03b&#8221; alt=&#8221;Statistiche web&#8221; style=&#8221;border:0px&#8221; \/&gt;&lt;\/a&gt;<br \/>\n&lt;\/noscript&gt;<br \/>\n&lt;!&#8211; Fine Codice ShinyStat &#8211;&gt;<\/p>\n<p><noscript><br \/>\n<a href=\"\/\/www.shinystat.com\/it\/\" target=\"_top\" rel=\"noopener\"><br \/>\n<img decoding=\"async\" src=\"\/\/www.shinystat.com\/cgi-bin\/shinystat.cgi?USER=lauro23\" alt=\"Statistiche\" style=\"border:0px\"\/><\/a><br \/>\n<\/noscript><br \/>\n<!-- Fine Codice ShinyStat --><\/p>\n<p>Maturit\u00e0 (4 anni)<br \/>\nIn media il cane \u00e8 maturo in et\u00e0 di 2-3 anni, i cani delle razze nane un po\u2019 prima, quelli delle razze gigante pi\u00f9 tardi. Questo periodo spesso coincide con aumento dell&#8217;aggressivit\u00e0 e rinnovo della prova per la leadership.<\/p>\n","protected":false},"excerpt":{"rendered":"<p>La fase dello sviluppo del cane La fase del neonato. (dalla nascita ai 12 giorni) Nella fase del neonato le necessit\u00e0 del cucciolo sono due: il ricevimento del cibo e del calore. Un cucciolo appena nato non \u00e8 autonomo fisicamente. &hellip; <a href=\"https:\/\/www.tartufiarezzo.it\/?page_id=3456\">Continua a leggere<span class=\"meta-nav\">&rarr;<\/span><\/a><\/p>\n","protected":false},"author":1,"featured_media":0,"parent":0,"menu_order":0,"comment_status":"open","ping_status":"closed","template":"","meta":{"footnotes":""},"class_list":["post-3456","page","type-page","status-publish","hentry"],"_links":{"self":[{"href":"https:\/\/www.tartufiarezzo.it\/index.php?rest_route=\/wp\/v2\/pages\/3456","targetHints":{"allow":["GET"]}}],"collection":[{"href":"https:\/\/www.tartufiarezzo.it\/index.php?rest_route=\/wp\/v2\/pages"}],"about":[{"href":"https:\/\/www.tartufiarezzo.it\/index.php?rest_route=\/wp\/v2\/types\/page"}],"author":[{"embeddable":true,"href":"https:\/\/www.tartufiarezzo.it\/index.php?rest_route=\/wp\/v2\/users\/1"}],"replies":[{"embeddable":true,"href":"https:\/\/www.tartufiarezzo.it\/index.php?rest_route=%2Fwp%2Fv2%2Fcomments&post=3456"}],"version-history":[{"count":6,"href":"https:\/\/www.tartufiarezzo.it\/index.php?rest_route=\/wp\/v2\/pages\/3456\/revisions"}],"predecessor-version":[{"id":4821,"href":"https:\/\/www.tartufiarezzo.it\/index.php?rest_route=\/wp\/v2\/pages\/3456\/revisions\/4821"}],"wp:attachment":[{"href":"https:\/\/www.tartufiarezzo.it\/index.php?rest_route=%2Fwp%2Fv2%2Fmedia&parent=3456"}],"curies":[{"name":"wp","href":"https:\/\/api.w.org\/{rel}","templated":true}]}}