{"id":2956,"date":"2014-02-28T22:13:55","date_gmt":"2014-02-28T22:13:55","guid":{"rendered":"http:\/\/www.tartufiarezzo.it\/?page_id=2956"},"modified":"2025-06-02T18:39:57","modified_gmt":"2025-06-02T18:39:57","slug":"info-la-gravidanza-del-cane","status":"publish","type":"page","link":"https:\/\/www.tartufiarezzo.it\/?page_id=2956","title":{"rendered":"info  sulla gravidanza del cane"},"content":{"rendered":"<p>&#8212;&#8212;&#8212;&#8212;&#8212;&#8212;&#8212;&#8212;&#8212;&#8212;&#8212;&#8212;&#8212;&#8212;&#8212;&#8212;&#8212;&#8212;&#8212;&#8212;&#8212;&#8212;&#8212;&#8212;&#8212;&#8212;&#8212;&#8212;&#8212;&#8212;&#8212;&#8212;&#8212;-<br \/>\nARGOMENTO A CURA DI VINCENZO, VETERINARIO Argomenti di Riproduzione<\/p>\n<p>LA GRAVIDANZA del Cane<\/p>\n<p>Con questo termine si intende la fase che va dalla \u201cfecondazione\u201d dell\u2019uovo (ossia l\u2019ingresso dello spermatozoo fecondante nella cellula uovo) all\u2019espletamento del parto.<\/p>\n<p>La preoccupazione dell\u2019allevatore o di chi ha volontariamente cercato l\u2019accoppiamento per fini ben precisi, \u00e8 la cosiddetta \u201cPortata della cucciolata\u201d ossia l\u2019ottimizzazione della quantit\u00e0 di nati possibili dalla gravidanza.<br \/>\nQuesta situazione di prolificit\u00e0 della femmina \u00e8 determinata da una serie di fattori:<br \/>\n1. Taglia del cane: le razze piccole portano meno nati (da 1 a 4 mediamente) mentre quelle grandi ne portano di pi\u00f9 (da 8 a 10 o anche pi\u00f9).<br \/>\n2. Data di accoppiamento: sembra strano ma far accoppiare il cane nella migliore fase di fertilit\u00e0 non condiziona solo la riuscita o meno della fertilizzazione ma anche la prolificit\u00e0. Se l\u2019accoppiamento avviene intorno ai giorni dell\u2019ovulazione, la prolificit\u00e0 sar\u00e0 ottimale! Questo perch\u00e9 tutte (o quasi) le cellule uovo emesse dall\u2019ovulazione verranno fecondate dagli spermatozoi che sono comunque milioni.<\/p>\n<p><a href=\"https:\/\/www.tartufiarezzo.it\/wp-content\/uploads\/2014\/02\/spermatozoi.jpg\" rel=\"lightbox[2956]\"><img loading=\"lazy\" decoding=\"async\" class=\"alignnone size-full wp-image-2952\" src=\"https:\/\/www.tartufiarezzo.it\/wp-content\/uploads\/2014\/02\/spermatozoi.jpg\" alt=\"spermatozoi\" width=\"213\" height=\"145\" \/><\/a><\/p>\n<p>3. Qualit\u00e0 del seme: i maschi che hanno quantit\u00e0 di spermatozoi elevati (da 200-800 milioni per eiaculato) danno una ottimale fertilit\u00e0 e prolificit\u00e0.<br \/>\nQuindi un maschio che d\u00e0 tanti cuccioli in un accoppiamento potrebbe continuare a darne tanti anche successivamente purch\u00e8 si conduca alla femmina nel periodo migliore.<\/p>\n<p>4. Altri fattori : alterazioni ormonali della femmina, suo stato di nutrizione, condizioni ambientali favorevoli possono condizionare la \u201cportata della cucciolata\u201d, anche se in maniera meno influente.<\/p>\n<p><a href=\"https:\/\/www.tartufiarezzo.it\/wp-content\/uploads\/2014\/02\/ovulo.jpg\" rel=\"lightbox[2956]\"><img loading=\"lazy\" decoding=\"async\" class=\"alignnone size-full wp-image-2954\" src=\"https:\/\/www.tartufiarezzo.it\/wp-content\/uploads\/2014\/02\/ovulo.jpg\" alt=\"ovulo\" width=\"233\" height=\"173\" \/><\/a><\/p>\n<p>SVILUPPO e DURATA della Gravidanza<\/p>\n<p>La gravidanza si instaura dopo qualche giorno dall\u2019accoppiamento quando l\u2019uovo e lo spermatozoo si incontreranno (Fecondazione).<br \/>\nAvvenuto ci\u00f2 si avranno tutte quelle evoluzioni (che restano il mistero pi\u00f9 bello della vita!) che porteranno alla formazione dello \u201czigote\u201d (cellula nata dall\u2019unione tra spermatozoo e cellula uovo) fino a formare un \u201cqualcosa\u201d di molto complesso che \u00e8 l\u2019essere vivente completo. Fecondazione dell\u2019ovulo<\/p>\n<p>L\u2019insieme di cellule che verranno a formarsi dallo zigote (prima \u201cblastocisti\u201d e poi \u201cembrione\u201d) resteranno \u201cvaganti\u201d nell\u2019utero della femmina fino a circa 15 giorni dopo la fecondazione per poi \u201cannidarsi\u201d in un punto della parete uterina da cui attinger\u00e0 quel nutrimento che servir\u00e0 per la sua evoluzione.<\/p>\n<p>Solo a 3 settimane di gravidanza si comincer\u00e0 a vedere o sentire qualcosa nell\u2019utero: prima \u00e8 praticamente impossibile o almeno difficile con i comuni mezzi diagnostici.<\/p>\n<p>Da questa fase in poi, l\u2019embrione cresce sempre pi\u00f9, si \u201cspecializza\u201d per diventare \u201cFeto\u201d, una struttura gi\u00e0 distinguibile con parti anatomiche ben precise ed apparati (insieme di organi specializzati a svolgere pi\u00f9 o meno la stessa funzione).<br \/>\nSar\u00e0 lo sviluppo del\/dei feto\/i e degli \u201cannessi\u201d a dare la \u201cforma\u201d all\u2019addome della cagna che in progressione apparir\u00e0 alla vista anche del pi\u00f9 profano come una \u201cincinta\u201d o \u201cgravida\u201d.<\/p>\n<p>Durante la gravidanza la cagna cambier\u00e0 notevolmente il suo \u201cassetto\u201d non solo anatomico ma soprattutto funzionale.<br \/>\nSi instaureranno una serie di modifiche \u201cendocrine\u201d cio\u00e8 dei suoi ormoni che daranno una serie di atteggiamenti e cambiamenti di \u201cforma\u201d importantissimi per poter espletare questo stato \u201cparafisiologico\u201d.<\/p>\n<p>DURATA della Gravidanza<\/p>\n<p>Nel cane la gravidanza ha una durata ESATTA di 63 giorni a partire dal giorno dell\u2019ovulazione.<br \/>\nTale data, con la determinazione \u201cempirica\u201d del periodo di accoppiamento, non sar\u00e0 possibile individuarla.<br \/>\nEcco che mediamente e per convenzione, si fa durare la gravidanza 60 GIORNI dall\u2019accoppiamento.<br \/>\nBisogna per\u00f2 sempre considerare che l\u2019accoppiamento pu\u00f2 essere avvenuto alcuni giorni prima o alcuni giorni dopo dall\u2019ovulazione. Questo fa intuire che la gravidanza potrebbe durare pi\u00f9 o meno dei 60 giorni considerati.<br \/>\nPoich\u00e8 la vitalit\u00e0 degli spermatozoi nelle vie genitali femminili pu\u00f2 arrivare a 6-7 giorni, vanno fatte delle considerazioni:<\/p>\n<p>In rapporto alla data dell\u2019accoppiamento, la gravidanza pu\u00f2 durare +- 7 giorni rispetto ai 63 previsti. Ecco che la durata pu\u00f2 variare tra i 55 e i 70 giorni, in rapporto a quando si \u00e8 proceduto con l\u2019accoppiamento.<\/p>\n<p>Questo \u00e8 da tenere in considerazione quando si procede secondo \u201cpratica\u201d senza ausili scientifici (citologia vaginale, dosaggio del Progesterone) di cui ne ho gi\u00e0 accennato nella \u201cGestione dell\u2019Accoppiamento della Cagna\u201d.<\/p>\n<p>In tali casi, per non trovarsi spiazzati da una \u201cnascita improvvisa\u201d \u00e8 bene sempre osservare tutti i segni cosiddetti \u201cprodromici\u201d ossia anticipatori del parto.<\/p>\n<p>DIAGNOSI di Gravidanza<br \/>\nLa preoccupazione maggiore \u00e8 stabilire quanto prima se la cagna \u00e8 gravida o meno.<br \/>\nCome gi\u00e0 detto ci sono dei limiti temporali per comprendere se si \u00e8 stabilita la gravidanza o meno. Questi termini hanno un limite, determinato anche dal tipo di indagine diagnostica scelta.<br \/>\nIn linea di massima un tempo minimo per comprendere se c\u2019\u00e8 gravidanza \u00e8 di 3 settimane.<\/p>\n<p>In realt\u00e0 anche precedentemente \u00e8 possibile fare delle valutazioni attraverso particolari analisi del sangue, anche se non particolarmente esatte (rispetto a quanto accade nella donna).<br \/>\nQueste consistono nel:<br \/>\n\u2022 dosaggio di un ormone (Relaxina) che aumenta da una certa fase della gravidanza in poi (dal 20\u00b0 giorno di gravidanza);<br \/>\n\u2022 dosaggio del Fibrinogeno: \u00e8 una particolare proteina del sangue che aumenta in tante situazioni tra cui anche in gravidanza. Saper stimare questa sostanza (prima e durante la gravidanza) pu\u00f2 essere un elemento di diagnosi precoce.<\/p>\n<p>Di solito, nella pratica comune di allevamento, non si usano questi criteri di diagnosi.<\/p>\n<p>Il metodo pi\u00f9 pratico \u00e8 quello dell\u2019esame fisico ossia attraverso la palpazione dell\u2019addome che permette di valutare lo stato dell\u2019utero, evidenziando le \u201cvescicole\u201d presenti a \u201ccorona di rosario\u201d lungo i corni uterini. Questa valutazione \u00e8 possibile dalla 3^-4^ settimana in poi.<\/p>\n<p>Il metodo pi\u00f9 sicuro, sia come innocuit\u00e0 d\u2019indagine che come attendibilit\u00e0 dei risultati \u00e8 l\u2019ecografia. E\u2019 una metodica che permette di accertare o meno una gravidanza ma soprattutto d\u00e0 la possibilit\u00e0 di apprezzare una serie di dati clinici importanti: vitalit\u00e0 dei feti, struttura del feto, dinamicit\u00e0, vascolarizzazione. Nella fase finale della gravidanza \u00e8 uno degli elementi che d\u00e0 importanti indicazioni sull\u2019approssimarsi del parto.<br \/>\nNel cane, il limite maggiore dell\u2019ecografia nella diagnosi di gravidanza \u00e8 la certezza della conta numerica dei feti presenti. Al contrario della donna, nella cagna la determinazione del numero potrebbe essere pi\u00f9 difficile vista la particolare anatomia dell\u2019utero e la pluriparit\u00e0 dei cani (il numero plurimo di feti presenti).<\/p>\n<p>In alcuni casi (determinazione dell\u2019et\u00e0 del feto, posizione dei feti, conta esatta dei feti presenti) si pu\u00f2 effettuare una radiografia.<br \/>\nCertamente non \u00e8 un metodo \u201cinnocuo\u201d come l\u2019ecografia (anche se effettuato ad una certa et\u00e0 dello sviluppo fetale non crea problemi ai nascituri), ma in particolari situazioni che lo richiedono \u00e8 opportuno farla. Spesso capita che alcuni allevatori la richiedono con insistenza per apprezzare con certezza il numero di feti in modo da gestire in modo ottimale il parto (conoscenza esatta di cuccioli che devono nascere).<\/p>\n<p>Altro metodo descritto \u00e8 la percezione dei battiti cardiaci dei feti. Questo pu\u00f2 aversi dall\u2019ascultazione porgendo l\u2019orecchio sul fianco (vecchio metodo) all\u2019impiego di fonendoscopi (i particolari \u201cauricolari\u201d usati per l\u2019ascultazione dai medici) all\u2019uso di particolari apparecchi come il Doppler.<\/p>\n<p>Altri fattori secondari vengono ugualmente considerati ma comunque come \u201caccessori\u201d a quelli sopra indicati.<br \/>\nTra questi il cambio di comportamento della cagna: diviene pi\u00f9 mansueta, affettuosa e protettiva, anche se spesso, invece, assume un carattere di particolare aggressivit\u00e0, verosimilmente per la particolare protettivit\u00e0 nei confronti del \u201cnido\u201d. Tutto questo \u00e8 determinato dall\u2019incremento dell\u2019ormone \u201cdella maternit\u00e0\u201d (Prolattina) che aumenta progressivamente: soprattutto \u00e8 elevato durante il parto e durante la lattazione.<br \/>\nQuesto ormone \u201cprolattina\u201d \u00e8 quello che favorisce la \u201ccalata del latte\u201d (insieme ad altri ormoni).<br \/>\nInoltre qualcuno suole vedere la presenza di latte nelle mammelle un segno di gravidanza. In realt\u00e0 non \u00e8 sempre cos\u00ec perch\u00e9 la \u201cFalsa Gravidanza\u201d (che \u00e8 fisiologica nel cane!!!) \u00e8 determinata proprio da un rialzo della prolattina, determinando lo stesso segno anche con cagna non-gravida.<\/p>\n<p>Comportamento del Proprietario durante la Gravidanza del cane<br \/>\nQuello che andr\u00f2 ad indicare sono delle \u201cpillole\u201d che ritengo importanti, per quanto ho riscontrato durante la mia vita professionale. Quanto dico ha sicuramente un riscontro scientifico e quanto riporto \u00e8 solo un \u201criassumere\u201d e sintetizzare di ci\u00f2 che \u00e8 riportato in letteratura.<br \/>\n\u2022 PRIMA della gravidanza ovvero prima dell\u2019accoppiamento, anche all\u2019inizio del calore, \u00e8 importante somministrare VERMIFUGO al cane in modo da fargli affrontare la gravidanza senza avere n\u00e9 trasmettere parassiti intestinali ai cuccioli.<br \/>\n\u2022 Anche per gli antiparassitari Esterni, procedere al trattamento prima della gravidanza, anche se molti di questi possono essere somministrati durante.<\/p>\n<p><a href=\"https:\/\/www.tartufiarezzo.it\/wp-content\/uploads\/2014\/02\/cuccia-parto.jpg\" rel=\"lightbox[2956]\"><img loading=\"lazy\" decoding=\"async\" class=\"alignnone size-full wp-image-2955\" src=\"https:\/\/www.tartufiarezzo.it\/wp-content\/uploads\/2014\/02\/cuccia-parto.jpg\" alt=\"cuccia  parto\" width=\"210\" height=\"144\" \/><\/a><\/p>\n<p>\u2022 Assicurare un luogo dove potr\u00e0 svolgere la propria vita di gravida in modo tranquillo ma contemporaneamente assicurando la nostra presenza che la rende pi\u00f9 sicura.<br \/>\n\u2022 Evitare l\u2019attivit\u00e0 sportiva che comunque pu\u00f2 esercitare fatti traumatici fisici o stress che possono influire sulla vita e vitalit\u00e0 dei feti.<br \/>\n\u2022 Assicurare un\u2019alimentazione idonea, considerando che il cane in gravidanza ha bisogno di apporti qualitativi e quantitativi particolari. Ne accenner\u00f2 dopo.<br \/>\n\u2022 Nell\u2019ultima fase della gravidanza (ultimi 7-10 giorniI) assicurare un luogo tranquillo per il parto, fornendo un luogo riservato con qualcosa che possa somigliare ad un giaciglio (BOX PARTO).<br \/>\nDella sua composizione e realizzazione ne dar\u00f2 indicazioni quando si parler\u00e0 del \u201cParto del cane\u201d.<br \/>\n\u2022 NON vaccinare durante la Gravidanza!!! Potrebbe essere fatale sia per i feti (aborto o mortalit\u00e0 perinatale oppure malformazioni gravi). Vaccinare preventivamente (ripetizione annuale) prima del calore.<br \/>\n\u2022 NON usare farmaci durante la gravidanza, a meno che non vengano prescritti per particolari ed improrogabili necessit\u00e0 dal Veterinario.<br \/>\n\u2022 NON tenere in contatto la cagna con cani di \u201cdubbia provenienza\u201d in quanto potrebbero essere \u201cportatori sani\u201d di patologie (soprattutto infettive) che in gravidanza potrebbero essere fatali!!!<\/p>\n<p>Ricordarsi che la prima fase della gravidanza (il primo mese) \u00e8 la fase PIU\u2019 SENSIBILE della Gravidanza. Gli ultimi 15-10 giorni sono pi\u00f9 sicuri anche se nascite premature nel cane sono solitamente fatali per la vita dei cuccioli.<\/p>\n<p>Non penso sia opportuno di parlare delle patologie o dei disordini che possono aversi durante la gravidanza, in quanto molto tecnici e di difficile apprezzamento per un \u201claico\u201d!<\/p>\n<p>In caso di problemi particolari evidenziati durante la gravidanza, anche quelli che si riterrebbero banali durante la normale vita del cane, \u00e8 bene sempre rivolgersi al proprio Veterinario per evitare di vanificare il tutto.<\/p>\n<p>ALIMENTAZIONE in Gravidanza<\/p>\n<p>Ci sarebbe da fare un trattato ma vi assicuro che non vi tedier\u00f2!<br \/>\nAccenno solo a ci\u00f2 che ritengo possa essere pi\u00f9 importante per evitare problemi a \u201cmamma cane\u201d ed ai futuri cuccioli o meglio ad ottimizzare il nutrimento per avere risultati migliori, sia di quantit\u00e0 che di qualit\u00e0.<\/p>\n<p>La gestione dell\u2019alimentazione in gravidanza \u00e8 fondamentale!<br \/>\nLa \u201cmalnutrizione\u201d prima e durante la gestazione pu\u00f2 contribuire fino al 20-30% della frequenza di mortalit\u00e0 neonatale dei cuccioli! Ci\u00f2 per le mutate esigenze della madre durante la gravidanza ma soprattutto durante la lattazione.<br \/>\nIn particolare le fasi pi\u00f9 critiche di un\u2019ottimale gestione della nutrizione cominciano nelle ultime 3-4 settimane di gravidanza.<\/p>\n<p>I passi pi\u00f9 importanti dell\u2019alimentazione da seguire durante la gravidanza li riassumo qui di seguito:<br \/>\n1. Pesare il cane prima dell\u2019accoppiamento e permettere che cominci la gravidanza col peso ottimale.<br \/>\n2. Per avere una condizione ottimale di peso, la cagna dovrebbe aumentare durante la gravidanza del 15-25% del peso normale, e mantenere tale incremento anche durante la lattazione.<br \/>\n3. Somministrare al cane una razione maggiorata di cibo durante la fase critica (ultime 3-4 settimane di gravidanza in poi) che solitamente corrispondono da 1 \u00bd fino a 3 volte la dose normale, in rapporto alla razza.<br \/>\n4. L\u2019alimento consigliato durante la gravidanza deve essere di OTTIMA qualit\u00e0 . Non disdegnare a migliorare il cibo durante questa fase: quello che si pu\u00f2 dare in quei momenti \u00e8 difficile recuperarlo in seguito!<br \/>\n5. Le necessit\u00e0 nutrizionali di cui ha bisogno un cane in gravidanza\/allattamento sono diverse da quelle del cane in condizioni normali. Pertanto si preferisce dare al cane gravido alimento per Cuccioli o alimento per Attivit\u00e0 Intensa.<br \/>\n6. Per gli amanti dei \u201cnumeri\u201d indicher\u00f2 le percentuali di nutrienti necessari per ottimizzare la nutrizione del cane in gravidanza ed in allattamento:<br \/>\n\u2022 Proteine: &gt;29%<br \/>\n\u2022 Grassi: &gt;17%<br \/>\n\u2022 Fibra: \u2022 Calcio: 1 \u2013 1,8%<br \/>\n\u2022 Fosforo: 0,8 \u2013 1,6 %<br \/>\n\u2022 Sodio: 0,3 \u2013 0,7%<br \/>\n<!-- Inizio Codice ShinyStat --><br \/>\n<script type=\"text\/javascript\" src=\"\/\/codice.shinystat.com\/cgi-bin\/getcod.cgi?USER=lauro23\"><\/script>&lt;!&#8211; Inizio Codice ShinyStat &#8211;&gt;<br \/>\n&lt;script src=&#8221;\/\/codice.shinystat.com\/cgi-bin\/getcod.cgi?USER=SS-52214027-cd03b&#8221;&gt;&lt;\/script&gt;<br \/>\n&lt;noscript&gt;<br \/>\n&lt;a href=&#8221;https:\/\/www.shinystat.com\/it\/&#8221; target=&#8221;_top&#8221;&gt;<br \/>\n&lt;img src=&#8221;\/\/www.shinystat.com\/cgi-bin\/shinystat.cgi?USER=SS-52214027-cd03b&#8221; alt=&#8221;Statistiche web&#8221; style=&#8221;border:0px&#8221; \/&gt;&lt;\/a&gt;<br \/>\n&lt;\/noscript&gt;<br \/>\n&lt;!&#8211; Fine Codice ShinyStat &#8211;&gt;<\/p>\n<p><noscript><br \/>\n<a href=\"\/\/www.shinystat.com\/it\/\" target=\"_top\" rel=\"noopener\"><br \/>\n<img decoding=\"async\" src=\"\/\/www.shinystat.com\/cgi-bin\/shinystat.cgi?USER=lauro23\" alt=\"Statistiche\" style=\"border:0px\"\/><\/a><br \/>\n<\/noscript><br \/>\n<!-- Fine Codice ShinyStat --><br \/>\nQuesti valori non sono casuali ma rispondono a strette necessit\u00e0 del cane in questo stato. Tali valori sono assicurati dagli alimenti che ho sopra indicato.<\/p>\n<p>Vetvin<\/p>\n","protected":false},"excerpt":{"rendered":"<p>&#8212;&#8212;&#8212;&#8212;&#8212;&#8212;&#8212;&#8212;&#8212;&#8212;&#8212;&#8212;&#8212;&#8212;&#8212;&#8212;&#8212;&#8212;&#8212;&#8212;&#8212;&#8212;&#8212;&#8212;&#8212;&#8212;&#8212;&#8212;&#8212;&#8212;&#8212;&#8212;&#8212;- ARGOMENTO A CURA DI VINCENZO, VETERINARIO Argomenti di Riproduzione LA GRAVIDANZA del Cane Con questo termine si intende la fase che va dalla \u201cfecondazione\u201d dell\u2019uovo (ossia l\u2019ingresso dello spermatozoo fecondante nella cellula uovo) all\u2019espletamento del parto. La preoccupazione dell\u2019allevatore &hellip; <a href=\"https:\/\/www.tartufiarezzo.it\/?page_id=2956\">Continua a leggere<span class=\"meta-nav\">&rarr;<\/span><\/a><\/p>\n","protected":false},"author":1,"featured_media":0,"parent":0,"menu_order":0,"comment_status":"open","ping_status":"closed","template":"","meta":{"footnotes":""},"class_list":["post-2956","page","type-page","status-publish","hentry"],"_links":{"self":[{"href":"https:\/\/www.tartufiarezzo.it\/index.php?rest_route=\/wp\/v2\/pages\/2956","targetHints":{"allow":["GET"]}}],"collection":[{"href":"https:\/\/www.tartufiarezzo.it\/index.php?rest_route=\/wp\/v2\/pages"}],"about":[{"href":"https:\/\/www.tartufiarezzo.it\/index.php?rest_route=\/wp\/v2\/types\/page"}],"author":[{"embeddable":true,"href":"https:\/\/www.tartufiarezzo.it\/index.php?rest_route=\/wp\/v2\/users\/1"}],"replies":[{"embeddable":true,"href":"https:\/\/www.tartufiarezzo.it\/index.php?rest_route=%2Fwp%2Fv2%2Fcomments&post=2956"}],"version-history":[{"count":7,"href":"https:\/\/www.tartufiarezzo.it\/index.php?rest_route=\/wp\/v2\/pages\/2956\/revisions"}],"predecessor-version":[{"id":4820,"href":"https:\/\/www.tartufiarezzo.it\/index.php?rest_route=\/wp\/v2\/pages\/2956\/revisions\/4820"}],"wp:attachment":[{"href":"https:\/\/www.tartufiarezzo.it\/index.php?rest_route=%2Fwp%2Fv2%2Fmedia&parent=2956"}],"curies":[{"name":"wp","href":"https:\/\/api.w.org\/{rel}","templated":true}]}}