{"id":1423,"date":"2011-04-19T20:20:34","date_gmt":"2011-04-19T20:20:34","guid":{"rendered":"http:\/\/www.tartufiarezzo.it\/?page_id=1423"},"modified":"2025-06-02T18:37:35","modified_gmt":"2025-06-02T18:37:35","slug":"cani-addestrati-o-esperti-in-vendita","status":"publish","type":"page","link":"https:\/\/www.tartufiarezzo.it\/?page_id=1423","title":{"rendered":"CANI ADDESTRATI O ESPERTI IN VENDITA"},"content":{"rendered":"<h2><strong>in questa pagina troverai le occasioni di cani gi\u00e0 esperti in vendita Per i pi\u00f9 esigenti <\/strong><\/h2>\n<h2><strong>OPPURE CANI ADDESTRATI DA ME che cercheranno i tartufi come stile di vita cio\u00e8: cerca indipendente, brillantezza, passione e concentrazione.<\/strong><\/h2>\n<h1>&#8212;&#8212;&#8212;&#8212;&#8212;&#8212;&#8212;&#8212;&#8212;&#8212;&#8212;&#8212;&#8212;&#8212;&#8212;&#8211;<\/h1>\n<h1><span style=\"color: #ff0000;\"> \u00a0 <strong>&#8212;&#8212;&#8212;&#8212;&#8212;&#8212;&#8212;&#8212;&#8212;&#8212;&#8212;&#8212;&#8212;&#8212;&#8212;&#8212;&#8212;&#8212;&#8212;-<\/strong><\/span><\/h1>\n<h1><strong>\u00a0 \u00a0 \u00a0 PER INFORMAZIONI;<\/strong><strong>\u00a0 \u00a0 \u00a0 \u00a0 \u00a0\u00a0<\/strong><\/h1>\n<h1><span style=\"color: #ff0000;\">lauro: laurotartufi@gmail.com \/\/ cell <\/span><span style=\"color: #ff0000;\">3473600151<\/span><\/h1>\n<p>&#8212;&#8212;&#8212;&#8212;&#8212;&#8212;&#8212;&#8212;&#8212;&#8212;&#8212;&#8212;&#8212;&#8212;&#8212;&#8212;&#8212;&#8212;&#8212;&#8212;&#8212;&#8212;&#8212;&#8212;&#8212;&#8212;&#8212;&#8212;&#8212;&#8212;&#8212;&#8212;&#8212;&#8212;<\/p>\n<h1><span style=\"color: #ff0000;\">in collaborazione centro-sud con: &#8220;alessio&#8221;\u00a0 cell. 3278977881<\/span><\/h1>\n<p><!-- Inizio Codice ShinyStat --><br \/><script type=\"text\/javascript\" src=\"\/\/codice.shinystat.com\/cgi-bin\/getcod.cgi?USER=lauro23\"><\/script>&lt;!&#8211; Inizio Codice ShinyStat &#8211;&gt;<br \/>&lt;script src=&#8221;\/\/codice.shinystat.com\/cgi-bin\/getcod.cgi?USER=SS-52214027-cd03b&#8221;&gt;&lt;\/script&gt;<br \/>&lt;noscript&gt;<br \/>&lt;a href=&#8221;https:\/\/www.shinystat.com\/it\/&#8221; target=&#8221;_top&#8221;&gt;<br \/>&lt;img src=&#8221;\/\/www.shinystat.com\/cgi-bin\/shinystat.cgi?USER=SS-52214027-cd03b&#8221; alt=&#8221;Statistiche web&#8221; style=&#8221;border:0px&#8221; \/&gt;&lt;\/a&gt;<br \/>&lt;\/noscript&gt;<br \/>&lt;!&#8211; Fine Codice ShinyStat &#8211;&gt;<br \/><br \/><noscript><br \/>\n<a href=\"\/\/www.shinystat.com\/it\/\" target=\"_top\" rel=\"noopener\"><br \/>\n<img decoding=\"async\" src=\"\/\/www.shinystat.com\/cgi-bin\/shinystat.cgi?USER=lauro23\" alt=\"Statistiche\" style=\"border:0px\"\/><\/a><br \/>\n<\/noscript><br \/><!-- Fine Codice ShinyStat --><\/p>\n\n\n<p>Paragrafo<\/p>\n\n\n\n<h2 class=\"wp-block-heading\"><\/h2>\n","protected":false},"excerpt":{"rendered":"<p>in questa pagina troverai le occasioni di cani gi\u00e0 esperti in vendita Per i pi\u00f9 esigenti OPPURE CANI ADDESTRATI DA ME che cercheranno i tartufi come stile di vita cio\u00e8: cerca indipendente, brillantezza, passione e concentrazione. &#8212;&#8212;&#8212;&#8212;&#8212;&#8212;&#8212;&#8212;&#8212;&#8212;&#8212;&#8212;&#8212;&#8212;&#8212;&#8211; \u00a0 &#8212;&#8212;&#8212;&#8212;&#8212;&#8212;&#8212;&#8212;&#8212;&#8212;&#8212;&#8212;&#8212;&#8212;&#8212;&#8212;&#8212;&#8212;&#8212;- \u00a0 &hellip; <a href=\"https:\/\/www.tartufiarezzo.it\/?page_id=1423\">Continua a leggere<span class=\"meta-nav\">&rarr;<\/span><\/a><\/p>\n","protected":false},"author":1,"featured_media":2500,"parent":0,"menu_order":0,"comment_status":"open","ping_status":"closed","template":"","meta":{"footnotes":""},"class_list":["post-1423","page","type-page","status-publish","has-post-thumbnail","hentry"],"_links":{"self":[{"href":"https:\/\/www.tartufiarezzo.it\/index.php?rest_route=\/wp\/v2\/pages\/1423","targetHints":{"allow":["GET"]}}],"collection":[{"href":"https:\/\/www.tartufiarezzo.it\/index.php?rest_route=\/wp\/v2\/pages"}],"about":[{"href":"https:\/\/www.tartufiarezzo.it\/index.php?rest_route=\/wp\/v2\/types\/page"}],"author":[{"embeddable":true,"href":"https:\/\/www.tartufiarezzo.it\/index.php?rest_route=\/wp\/v2\/users\/1"}],"replies":[{"embeddable":true,"href":"https:\/\/www.tartufiarezzo.it\/index.php?rest_route=%2Fwp%2Fv2%2Fcomments&post=1423"}],"version-history":[{"count":319,"href":"https:\/\/www.tartufiarezzo.it\/index.php?rest_route=\/wp\/v2\/pages\/1423\/revisions"}],"predecessor-version":[{"id":4814,"href":"https:\/\/www.tartufiarezzo.it\/index.php?rest_route=\/wp\/v2\/pages\/1423\/revisions\/4814"}],"wp:featuredmedia":[{"embeddable":true,"href":"https:\/\/www.tartufiarezzo.it\/index.php?rest_route=\/wp\/v2\/media\/2500"}],"wp:attachment":[{"href":"https:\/\/www.tartufiarezzo.it\/index.php?rest_route=%2Fwp%2Fv2%2Fmedia&parent=1423"}],"curies":[{"name":"wp","href":"https:\/\/api.w.org\/{rel}","templated":true}]}}