{"id":1090,"date":"2011-02-06T21:23:03","date_gmt":"2011-02-06T21:23:03","guid":{"rendered":"http:\/\/www.tartufiarezzo.it\/"},"modified":"2026-05-11T18:53:05","modified_gmt":"2026-05-11T18:53:05","slug":"come-diventare-un-tartufaio","status":"publish","type":"page","link":"https:\/\/www.tartufiarezzo.it\/?page_id=1090","title":{"rendered":"come diventare un tartufaio"},"content":{"rendered":"<p>come diventare un tartufaio;<\/p>\n<p><a href=\"https:\/\/www.tartufiarezzo.it\/wp-content\/uploads\/2011\/02\/a-bianco.jpg\" rel=\"lightbox[1090]\"><img loading=\"lazy\" decoding=\"async\" class=\"alignnone size-full wp-image-1107\" title=\"a bianco\" src=\"https:\/\/www.tartufiarezzo.it\/wp-content\/uploads\/2011\/02\/a-bianco.jpg\" alt=\"\" width=\"400\" height=\"300\" srcset=\"https:\/\/www.tartufiarezzo.it\/wp-content\/uploads\/2011\/02\/a-bianco.jpg 400w, https:\/\/www.tartufiarezzo.it\/wp-content\/uploads\/2011\/02\/a-bianco-300x225.jpg 300w\" sizes=\"auto, (max-width: 400px) 100vw, 400px\" \/><\/a><a href=\"https:\/\/www.tartufiarezzo.it\/wp-content\/uploads\/2011\/02\/a-scorzoni-20-06-09-6.jpg\" rel=\"lightbox[1090]\"><img loading=\"lazy\" decoding=\"async\" class=\"alignnone size-medium wp-image-1108\" title=\"a scorzoni 20-06-09 (6)\" src=\"https:\/\/www.tartufiarezzo.it\/wp-content\/uploads\/2011\/02\/a-scorzoni-20-06-09-6-300x225.jpg\" alt=\"\" width=\"300\" height=\"225\" srcset=\"https:\/\/www.tartufiarezzo.it\/wp-content\/uploads\/2011\/02\/a-scorzoni-20-06-09-6-300x225.jpg 300w, https:\/\/www.tartufiarezzo.it\/wp-content\/uploads\/2011\/02\/a-scorzoni-20-06-09-6-1024x768.jpg 1024w, https:\/\/www.tartufiarezzo.it\/wp-content\/uploads\/2011\/02\/a-scorzoni-20-06-09-6.jpg 1600w\" sizes=\"auto, (max-width: 300px) 100vw, 300px\" \/><\/a><\/p>\n<p><span style=\"color: #800000;\">vuoi sapere veramente come diventare un tartufaio?<\/span><\/p>\n<p><span style=\"color: #800000;\">bene ,allora continua a leggere.<\/span><\/p>\n<p>credo che il difficile non sia addestrare un cane da tartufi anzi!!<\/p>\n<p>in 20 giorni un cucciolo di due mesi impara molte cose come:<\/p>\n<p>seduto,terra ,resta,su,giu.ecc..ecc..<\/p>\n<p>trova , scava e riporta il tartufo.<\/p>\n<p>detto questo potremmo pensare allora che in 20gg abbiamo un cane da tartufo &#8220;invece no&#8221; abbiamo un cane che puo trovare tartufi e li trover\u00e0 ma non li cercher\u00e0 ,cosa voglio dire con questo, dobbiamo capire\u00a0che il cane agisce d&#8217;istinto e quindi fa quello che a lui piace,scorrazzer\u00e0 in lungo e in largo per i fatti suoi e se gli capita a tiro il tartufo lo segnaler\u00e0 in modo occasionale,bene \u00e8 qui che subentra l&#8217;addestramento del tartufaio che deve imparare a fare in modo che il suo fido scorrazzi ma dando la precedenza alla ricerca del tartufo non segnalando i tartufi occasionali cio\u00e8 quelli a cui passa sopra ma concentrandosi nella cerca del piu flebile odore che gli arriva da un metro come anche da 50mt.<\/p>\n<p>prima di tutto il tartufaio deve imparare a portare il suo cane nel posto giusto al momento giusto e questo \u00e8 un capitolo di studio e un consumo di scarponi non indifferente,fatto questo,dobbiamo imparare ad interagire con il cane che va saputo guidare, creando un feeling\u00a0 particolare usando gesti e comportamenti\u00a0, creare un guinzaglio invisibile,per guidarlo a fare ci\u00f2 che vogliamo ma\u00a0 in gioiosa armonia.<\/p>\n<p>chiaramente il tutto deve essere rivolto come obbiettivo al tartufo e quindi dobbiamo usare metodi contenenti\u00a0 premi e feste quando l&#8217;obbiettivo sar\u00e0 raggiunto, ecco perche ,come dico in altre pagine secondo me ci vuole la patente da tartufaio.<\/p>\n<p>imparare a creare questo filo invisibile che ci lega ai nostri fido imparare\u00a0 a portare il cane nel posto giusto al momento giusto ,interagire con il nostro fido fa si che andare a tartufi sia come una caccia al tesoro dove i due cacciatori in questo caso uomo e fido ,mettono in campo la massima concentrazione per scovare il diamante della terra .<\/p>\n<p>qualcuno puo dire,ma io vado per hobby,\u00a0io vado per una passeggiata nella natura\u00a0 b\u00e8 la patente ci vuole ugualmente!! perche,credetemi, anche chi va per hobby in fondo vuol trovare i tartufi non passare la giornata a richiamare il cane perche gli va dietro a farfalle e lucertole se non peggio e allora cosa succede se non troviamo subito i tartufi??l&#8217;errore piu grande dare la colpa al cane e si dice che ha questo o quel difetto , cosa che avviene quasi sempre ,il mio pensiero invece \u00e8 che se un cane fa quello che vuole vuol dire che nel padrone non ci trova nulla di interessante oltre a non riconoscerlo come capo branco,questo \u00e8 ancora un&#8217;altro capitolo interessante che potremmo approfondire.<\/p>\n<p>ho imparato da una persona eccezionale che ci sono due segreti<\/p>\n<p>che ora vi svelo:\u00a0 <span style=\"color: #ff0000;\"> pazienza e metodo<\/span><\/p>\n<p>purtroppo la pazienza non si compra, ma il metodo si e pu\u00f2 aiutare anche chi non ha pazienza perche quando si vedono i risultati \u00e8 piu difficile arrabbiarsi , il metodo ve lo posso insegnare in una escursione guidata a stretto contatto vedrete dal vivo le fasi di caccia fino al foro del tartufo che sar\u00e0 l&#8217;obbiettivo durante la caccia vi spiegher\u00f2 come arrivarci\u00a0 .<\/p>\n<p>ciao,lauro<br \/>\n<!-- Inizio Codice ShinyStat --><br \/>\n<script type=\"text\/javascript\" src=\"\/\/codice.shinystat.com\/cgi-bin\/getcod.cgi?USER=lauro23\"><\/script><br \/>\n<noscript><br \/>\n<a href=\"\/\/www.shinystat.com\/it\/\" target=\"_top\" rel=\"noopener\"><br \/>\n<img decoding=\"async\" src=\"\/\/www.shinystat.com\/cgi-bin\/shinystat.cgi?USER=lauro23\" alt=\"Statistiche\" style=\"border:0px\"\/><\/a><br \/>\n<\/noscript><br \/>\n<!-- Fine Codice ShinyStat --><\/p>\n\n\n<p>&lt;!&#8211; Inizio Codice ShinyStat &#8211;&gt;<\/p>\n\n\n\n<p>&lt;script src=&#8221;\/\/codice.shinystat.com\/cgi-bin\/getcod.cgi?USER=SS-52214027-cd03b&#8221;&gt;&lt;\/script&gt;<\/p>\n\n\n\n<p>&lt;noscript&gt;<\/p>\n\n\n\n<p>&lt;a href=&#8221;https:\/\/www.shinystat.com\/it\/&#8221; target=&#8221;_top&#8221;&gt;<\/p>\n\n\n\n<p>&lt;img src=&#8221;\/\/www.shinystat.com\/cgi-bin\/shinystat.cgi?USER=SS-52214027-cd03b&#8221; alt=&#8221;Statistiche web&#8221; style=&#8221;border:0px&#8221; \/&gt;&lt;\/a&gt;<\/p>\n\n\n\n<p>&lt;\/noscript&gt;<\/p>\n\n\n\n<p>&lt;!&#8211; Fine Codice ShinyStat &#8211;&gt;<\/p>\n","protected":false},"excerpt":{"rendered":"<p>come diventare un tartufaio; vuoi sapere veramente come diventare un tartufaio? bene ,allora continua a leggere. credo che il difficile non sia addestrare un cane da tartufi anzi!! in 20 giorni un cucciolo di due mesi impara molte cose come: &hellip; <a href=\"https:\/\/www.tartufiarezzo.it\/?page_id=1090\">Continua a leggere<span class=\"meta-nav\">&rarr;<\/span><\/a><\/p>\n","protected":false},"author":1,"featured_media":0,"parent":0,"menu_order":0,"comment_status":"open","ping_status":"closed","template":"","meta":{"footnotes":""},"class_list":["post-1090","page","type-page","status-publish","hentry"],"_links":{"self":[{"href":"https:\/\/www.tartufiarezzo.it\/index.php?rest_route=\/wp\/v2\/pages\/1090","targetHints":{"allow":["GET"]}}],"collection":[{"href":"https:\/\/www.tartufiarezzo.it\/index.php?rest_route=\/wp\/v2\/pages"}],"about":[{"href":"https:\/\/www.tartufiarezzo.it\/index.php?rest_route=\/wp\/v2\/types\/page"}],"author":[{"embeddable":true,"href":"https:\/\/www.tartufiarezzo.it\/index.php?rest_route=\/wp\/v2\/users\/1"}],"replies":[{"embeddable":true,"href":"https:\/\/www.tartufiarezzo.it\/index.php?rest_route=%2Fwp%2Fv2%2Fcomments&post=1090"}],"version-history":[{"count":25,"href":"https:\/\/www.tartufiarezzo.it\/index.php?rest_route=\/wp\/v2\/pages\/1090\/revisions"}],"predecessor-version":[{"id":4904,"href":"https:\/\/www.tartufiarezzo.it\/index.php?rest_route=\/wp\/v2\/pages\/1090\/revisions\/4904"}],"wp:attachment":[{"href":"https:\/\/www.tartufiarezzo.it\/index.php?rest_route=%2Fwp%2Fv2%2Fmedia&parent=1090"}],"curies":[{"name":"wp","href":"https:\/\/api.w.org\/{rel}","templated":true}]}}